{"id":1040,"date":"2025-08-26T20:56:38","date_gmt":"2025-08-26T17:56:38","guid":{"rendered":"https:\/\/sunysasistentai.lt\/?page_id=1040"},"modified":"2026-01-09T13:47:03","modified_gmt":"2026-01-09T10:47:03","slug":"naudinga","status":"publish","type":"page","link":"https:\/\/sunysasistentai.lt\/en\/naudinga\/","title":{"rendered":"Apie \u0161unis pagalbininkus"},"content":{"rendered":"<div data-elementor-type=\"wp-page\" data-elementor-id=\"1040\" class=\"elementor elementor-1040\" data-elementor-post-type=\"page\">\n\t\t\t\t<div class=\"elementor-element elementor-element-3528913 e-flex e-con-boxed e-con e-parent\" data-id=\"3528913\" data-element_type=\"container\" data-e-type=\"container\" data-settings=\"{&quot;background_background&quot;:&quot;classic&quot;}\">\n\t\t\t\t\t<div class=\"e-con-inner\">\n\t\t<div class=\"elementor-element elementor-element-da1eef6 e-con-full e-flex e-con e-child\" data-id=\"da1eef6\" data-element_type=\"container\" data-e-type=\"container\">\n\t\t\t\t<div class=\"elementor-element elementor-element-c197805 elementor-widget__width-initial elementor-widget-mobile__width-initial elementor-widget elementor-widget-image\" data-id=\"c197805\" data-element_type=\"widget\" data-e-type=\"widget\" data-widget_type=\"image.default\">\n\t\t\t\t\t\t\t\t\t\t\t\t\t\t\t<img fetchpriority=\"high\" decoding=\"async\" width=\"1024\" height=\"1024\" src=\"https:\/\/sunysasistentai.lt\/wp-content\/uploads\/2026\/01\/DSC00798-1024x1024.jpg\" class=\"attachment-large size-large wp-image-2377\" alt=\"Auksaspalvis retriveris vedlys su odin\u0117mis petne\u0161omis ir v\u0117liav\u0117le stovi budriai ant \u017ealios \u017eol\u0117s. \u0160uo spinduliuoja susikaupim\u0105 ir ramyb\u0119.\" srcset=\"https:\/\/sunysasistentai.lt\/wp-content\/uploads\/2026\/01\/DSC00798-1024x1024.jpg 1024w, https:\/\/sunysasistentai.lt\/wp-content\/uploads\/2026\/01\/DSC00798-300x300.jpg 300w, https:\/\/sunysasistentai.lt\/wp-content\/uploads\/2026\/01\/DSC00798-150x150.jpg 150w, https:\/\/sunysasistentai.lt\/wp-content\/uploads\/2026\/01\/DSC00798-768x768.jpg 768w, https:\/\/sunysasistentai.lt\/wp-content\/uploads\/2026\/01\/DSC00798-1536x1536.jpg 1536w, https:\/\/sunysasistentai.lt\/wp-content\/uploads\/2026\/01\/DSC00798-2048x2048.jpg 2048w, https:\/\/sunysasistentai.lt\/wp-content\/uploads\/2026\/01\/DSC00798-12x12.jpg 12w, https:\/\/sunysasistentai.lt\/wp-content\/uploads\/2026\/01\/DSC00798-600x600.jpg 600w, https:\/\/sunysasistentai.lt\/wp-content\/uploads\/2026\/01\/DSC00798-100x100.jpg 100w\" sizes=\"(max-width: 1024px) 100vw, 1024px\" \/>\t\t\t\t\t\t\t\t\t\t\t\t\t\t\t<\/div>\n\t\t<div class=\"elementor-element elementor-element-8e33432 e-con-full e-flex e-con e-child\" data-id=\"8e33432\" data-element_type=\"container\" data-e-type=\"container\">\n\t\t\t\t<div class=\"elementor-element elementor-element-e3b3c55 elementor-widget elementor-widget-heading\" data-id=\"e3b3c55\" data-element_type=\"widget\" data-e-type=\"widget\" data-widget_type=\"heading.default\">\n\t\t\t\t\t<h2 class=\"elementor-heading-title elementor-size-default\">What do residents of the three Baltic countries know about assistance dogs?\n\n<\/h2>\t\t\t\t<\/div>\n\t\t\t\t<div class=\"elementor-element elementor-element-1ec1aae elementor-widget elementor-widget-text-editor\" data-id=\"1ec1aae\" data-element_type=\"widget\" data-e-type=\"widget\" data-widget_type=\"text-editor.default\">\n\t\t\t\t\t\t\t\t\t<p style=\"font-weight: 400;\"><b><strong>Representative market research<br \/>report, July 2025.<\/strong><\/b><\/p><p style=\"font-weight: 400;\">The author of the report: Assoc. Prof. Irina Liubert\u0117, ISM University of Management and Economics<\/p><p style=\"font-weight: 400;\">The research was funded by the Ministry of Social Security and Labour of the Republic of Lithuania (part of project NVOKE00339) and \u0160unys asistentai, NGO.<\/p>\t\t\t\t\t\t\t\t<\/div>\n\t\t\t\t<div class=\"elementor-element elementor-element-08c65fe elementor-align-left elementor-mobile-align-justify elementor-widget elementor-widget-button\" data-id=\"08c65fe\" data-element_type=\"widget\" data-e-type=\"widget\" data-widget_type=\"button.default\">\n\t\t\t\t\t\t\t\t\t\t<a class=\"elementor-button elementor-button-link elementor-size-sm\" href=\"https:\/\/sunysasistentai.lt\/wp-content\/uploads\/2026\/01\/ATASKAITA.pdf\" target=\"_blank\">\n\t\t\t\t\t\t<span class=\"elementor-button-content-wrapper\">\n\t\t\t\t\t\t\t\t\t<span class=\"elementor-button-text\">Read research report (in Lithuanian)<\/span>\n\t\t\t\t\t<\/span>\n\t\t\t\t\t<\/a>\n\t\t\t\t\t\t\t\t<\/div>\n\t\t\t\t<\/div>\n\t\t\t\t<\/div>\n\t\t\t\t\t<\/div>\n\t\t\t\t<\/div>\n\t\t<div class=\"elementor-element elementor-element-a625952 e-flex e-con-boxed e-con e-parent\" data-id=\"a625952\" data-element_type=\"container\" data-e-type=\"container\" data-settings=\"{&quot;background_background&quot;:&quot;classic&quot;}\">\n\t\t\t\t\t<div class=\"e-con-inner\">\n\t\t<div class=\"elementor-element elementor-element-4f7b14c e-con-full e-flex e-con e-child\" data-id=\"4f7b14c\" data-element_type=\"container\" data-e-type=\"container\">\n\t\t<div class=\"elementor-element elementor-element-45aa156 e-con-full e-flex e-con e-child\" data-id=\"45aa156\" data-element_type=\"container\" data-e-type=\"container\">\n\t\t\t\t<div class=\"elementor-element elementor-element-0e3d09e elementor-widget elementor-widget-heading\" data-id=\"0e3d09e\" data-element_type=\"widget\" data-e-type=\"widget\" data-widget_type=\"heading.default\">\n\t\t\t\t\t<h2 class=\"elementor-heading-title elementor-size-default\">What does research say about traveling with assistance dogs?<\/h2>\t\t\t\t<\/div>\n\t\t\t\t<div class=\"elementor-element elementor-element-ec3f73c elementor-icon-list--layout-traditional elementor-list-item-link-full_width elementor-widget elementor-widget-icon-list\" data-id=\"ec3f73c\" data-element_type=\"widget\" data-e-type=\"widget\" data-widget_type=\"icon-list.default\">\n\t\t\t\t\t\t\t<ul class=\"elementor-icon-list-items\">\n\t\t\t\t\t\t\t<li class=\"elementor-icon-list-item\">\n\t\t\t\t\t\t\t\t\t\t\t<span class=\"elementor-icon-list-icon\">\n\t\t\t\t\t\t\t<svg aria-hidden=\"true\" class=\"e-font-icon-svg e-fas-check\" viewbox=\"0 0 512 512\" xmlns=\"http:\/\/www.w3.org\/2000\/svg\"><path d=\"M173.898 439.404l-166.4-166.4c-9.997-9.997-9.997-26.206 0-36.204l36.203-36.204c9.997-9.998 26.207-9.998 36.204 0L192 312.69 432.095 72.596c9.997-9.997 26.207-9.997 36.204 0l36.203 36.204c9.997 9.997 9.997 26.206 0 36.204l-294.4 294.401c-9.998 9.997-26.207 9.997-36.204-.001z\"><\/path><\/svg>\t\t\t\t\t\t<\/span>\n\t\t\t\t\t\t\t\t\t\t<span class=\"elementor-icon-list-text\">Almost 90% of people with disabilities and their families surveyed face obstacles when preparing for and during a flight. Unfortunately, many airlines do not follow best practice of accessible travel and have internal rules that are not favorable to people with disabilities.<\/span>\n\t\t\t\t\t\t\t\t\t<\/li>\n\t\t\t\t\t\t\t\t<li class=\"elementor-icon-list-item\">\n\t\t\t\t\t\t\t\t\t\t\t<span class=\"elementor-icon-list-icon\">\n\t\t\t\t\t\t\t<svg aria-hidden=\"true\" class=\"e-font-icon-svg e-fas-check\" viewbox=\"0 0 512 512\" xmlns=\"http:\/\/www.w3.org\/2000\/svg\"><path d=\"M173.898 439.404l-166.4-166.4c-9.997-9.997-9.997-26.206 0-36.204l36.203-36.204c9.997-9.998 26.207-9.998 36.204 0L192 312.69 432.095 72.596c9.997-9.997 26.207-9.997 36.204 0l36.203 36.204c9.997 9.997 9.997 26.206 0 36.204l-294.4 294.401c-9.998 9.997-26.207 9.997-36.204-.001z\"><\/path><\/svg>\t\t\t\t\t\t<\/span>\n\t\t\t\t\t\t\t\t\t\t<span class=\"elementor-icon-list-text\">The good news about traveling with assistance dogs is that at least some airlines adhere to the standards favorable to people with disabilities.<\/span>\n\t\t\t\t\t\t\t\t\t<\/li>\n\t\t\t\t\t\t<\/ul>\n\t\t\t\t\t\t<\/div>\n\t\t\t\t<div class=\"elementor-element elementor-element-82874a8 elementor-align-left elementor-mobile-align-justify elementor-widget elementor-widget-button\" data-id=\"82874a8\" data-element_type=\"widget\" data-e-type=\"widget\" data-widget_type=\"button.default\">\n\t\t\t\t\t\t\t\t\t\t<a class=\"elementor-button elementor-button-link elementor-size-sm\" href=\"https:\/\/www.edf-feph.org\/publications\/human-rights-report-air-travel\/?fbclid=IwY2xjawPIE7VleHRuA2FlbQIxMABzcnRjBmFwcF9pZBAyMjIwMzkxNzg4MjAwODkyAAEel3Vr9qI1LrRnNbN8LU_tZ7JyWRB2-fqtoOwLtlFreH6J4H951wPr21xAyA4_aem_rVCzRMhXbgJ2f2rtru4vpw\" target=\"_blank\" rel=\"noopener\">\n\t\t\t\t\t\t<span class=\"elementor-button-content-wrapper\">\n\t\t\t\t\t\t\t\t\t<span class=\"elementor-button-text\">Read research report (in Lithuanian)<\/span>\n\t\t\t\t\t<\/span>\n\t\t\t\t\t<\/a>\n\t\t\t\t\t\t\t\t<\/div>\n\t\t\t\t<\/div>\n\t\t\t\t<div class=\"elementor-element elementor-element-bbc9bce elementor-widget__width-initial elementor-widget-mobile__width-inherit elementor-widget elementor-widget-image\" data-id=\"bbc9bce\" data-element_type=\"widget\" data-e-type=\"widget\" data-widget_type=\"image.default\">\n\t\t\t\t\t\t\t\t\t\t\t\t\t\t\t<img decoding=\"async\" width=\"991\" height=\"1024\" src=\"https:\/\/sunysasistentai.lt\/wp-content\/uploads\/2026\/01\/20251121_083819-1-991x1024.jpg\" class=\"attachment-large size-large wp-image-2383\" alt=\"P\u016bkuotas auksaspalvis retriveris guli ramiai susisuk\u0119s ant rudos pagalv\u0117l\u0117s, galv\u0105 pad\u0117j\u0119s ant pliu\u0161inio \u017eaislo. \u0160uo atrodo atsipalaidav\u0119s ir jaukiai \u012fsitais\u0119s.\" srcset=\"https:\/\/sunysasistentai.lt\/wp-content\/uploads\/2026\/01\/20251121_083819-1-991x1024.jpg 991w, https:\/\/sunysasistentai.lt\/wp-content\/uploads\/2026\/01\/20251121_083819-1-290x300.jpg 290w, https:\/\/sunysasistentai.lt\/wp-content\/uploads\/2026\/01\/20251121_083819-1-768x794.jpg 768w, https:\/\/sunysasistentai.lt\/wp-content\/uploads\/2026\/01\/20251121_083819-1-1486x1536.jpg 1486w, https:\/\/sunysasistentai.lt\/wp-content\/uploads\/2026\/01\/20251121_083819-1-1981x2048.jpg 1981w, https:\/\/sunysasistentai.lt\/wp-content\/uploads\/2026\/01\/20251121_083819-1-12x12.jpg 12w, https:\/\/sunysasistentai.lt\/wp-content\/uploads\/2026\/01\/20251121_083819-1-600x620.jpg 600w\" sizes=\"(max-width: 991px) 100vw, 991px\" \/>\t\t\t\t\t\t\t\t\t\t\t\t\t\t\t<\/div>\n\t\t\t\t<\/div>\n\t\t\t\t\t<\/div>\n\t\t\t\t<\/div>\n\t\t<div class=\"elementor-element elementor-element-1070a68 e-flex e-con-boxed e-con e-parent\" data-id=\"1070a68\" data-element_type=\"container\" data-e-type=\"container\" data-settings=\"{&quot;background_background&quot;:&quot;classic&quot;}\">\n\t\t\t\t\t<div class=\"e-con-inner\">\n\t\t<div class=\"elementor-element elementor-element-0d9f9f7 e-con-full e-flex e-con e-child\" data-id=\"0d9f9f7\" data-element_type=\"container\" data-e-type=\"container\">\n\t\t\t\t<div class=\"elementor-element elementor-element-0f7cb62 elementor-widget__width-initial elementor-widget-mobile__width-initial elementor-widget elementor-widget-image\" data-id=\"0f7cb62\" data-element_type=\"widget\" data-e-type=\"widget\" data-widget_type=\"image.default\">\n\t\t\t\t\t\t\t\t\t\t\t\t\t\t\t<img decoding=\"async\" width=\"1024\" height=\"1024\" src=\"https:\/\/sunysasistentai.lt\/wp-content\/uploads\/2025\/08\/Tarnybines-sunininkystes-klubas-1024x1024.webp\" class=\"attachment-large size-large wp-image-1178\" alt=\"&quot;Tarnybin\u0117s \u0161unininkyst\u0117s klubo&quot; logotipas su vokie\u010di\u0173 aviganio galvos atvaizdu\" srcset=\"https:\/\/sunysasistentai.lt\/wp-content\/uploads\/2025\/08\/Tarnybines-sunininkystes-klubas-1024x1024.webp 1024w, https:\/\/sunysasistentai.lt\/wp-content\/uploads\/2025\/08\/Tarnybines-sunininkystes-klubas-300x300.webp 300w, https:\/\/sunysasistentai.lt\/wp-content\/uploads\/2025\/08\/Tarnybines-sunininkystes-klubas-100x100.webp 100w, https:\/\/sunysasistentai.lt\/wp-content\/uploads\/2025\/08\/Tarnybines-sunininkystes-klubas-600x600.webp 600w, https:\/\/sunysasistentai.lt\/wp-content\/uploads\/2025\/08\/Tarnybines-sunininkystes-klubas-150x150.webp 150w, https:\/\/sunysasistentai.lt\/wp-content\/uploads\/2025\/08\/Tarnybines-sunininkystes-klubas-768x768.webp 768w, https:\/\/sunysasistentai.lt\/wp-content\/uploads\/2025\/08\/Tarnybines-sunininkystes-klubas.webp 1455w\" sizes=\"(max-width: 1024px) 100vw, 1024px\" \/>\t\t\t\t\t\t\t\t\t\t\t\t\t\t\t<\/div>\n\t\t<div class=\"elementor-element elementor-element-ff332ff e-con-full e-flex e-con e-child\" data-id=\"ff332ff\" data-element_type=\"container\" data-e-type=\"container\">\n\t\t\t\t<div class=\"elementor-element elementor-element-45ce736 elementor-widget elementor-widget-heading\" data-id=\"45ce736\" data-element_type=\"widget\" data-e-type=\"widget\" data-widget_type=\"heading.default\">\n\t\t\t\t\t<h2 class=\"elementor-heading-title elementor-size-default\">Guide dog and assistance dog training<\/h2>\t\t\t\t<\/div>\n\t\t\t\t<div class=\"elementor-element elementor-element-2307e53 elementor-widget elementor-widget-text-editor\" data-id=\"2307e53\" data-element_type=\"widget\" data-e-type=\"widget\" data-widget_type=\"text-editor.default\">\n\t\t\t\t\t\t\t\t\t<p data-start=\"209\" data-end=\"588\">Assistance and guide dogs are being trained in Lithuania by\u00a0<strong>Tarnybin\u0117s \u0161unininkyst\u0117s klubas (Service Dog Club)<\/strong>\u00a0\u2013 a non-governmental organization that has been involved in the training of service dogs for many years, and since 2020 \u2013 in the training of specially trained assistance dogs for people with disabilities. The club trains guide dogs for people with visual impairments, assistance dogs for people with physical or mental disabilities, and also carries out public education activities, promotes inclusion, and cooperates with international organizations.<\/p>\t\t\t\t\t\t\t\t<\/div>\n\t\t\t\t<div class=\"elementor-element elementor-element-03bb22c elementor-align-left elementor-mobile-align-justify elementor-widget elementor-widget-button\" data-id=\"03bb22c\" data-element_type=\"widget\" data-e-type=\"widget\" data-widget_type=\"button.default\">\n\t\t\t\t\t\t\t\t\t\t<a class=\"elementor-button elementor-button-link elementor-size-sm\" href=\"https:\/\/tarnybinessunininkystesklubas.lt\/apie-mus-2\/musu-pasiekimai\/\" target=\"_blank\" rel=\"noopener\">\n\t\t\t\t\t\t<span class=\"elementor-button-content-wrapper\">\n\t\t\t\t\t\t\t\t\t<span class=\"elementor-button-text\">Learn more<\/span>\n\t\t\t\t\t<\/span>\n\t\t\t\t\t<\/a>\n\t\t\t\t\t\t\t\t<\/div>\n\t\t\t\t<\/div>\n\t\t\t\t<\/div>\n\t\t\t\t\t<\/div>\n\t\t\t\t<\/div>\n\t\t<div class=\"elementor-element elementor-element-dff3ff0 e-flex e-con-boxed e-con e-parent\" data-id=\"dff3ff0\" data-element_type=\"container\" data-e-type=\"container\" data-settings=\"{&quot;background_background&quot;:&quot;classic&quot;}\">\n\t\t\t\t\t<div class=\"e-con-inner\">\n\t\t<div class=\"elementor-element elementor-element-48a52bc e-con-full e-flex e-con e-child\" data-id=\"48a52bc\" data-element_type=\"container\" data-e-type=\"container\">\n\t\t<div class=\"elementor-element elementor-element-75f65fc e-con-full e-flex e-con e-child\" data-id=\"75f65fc\" data-element_type=\"container\" data-e-type=\"container\">\n\t\t\t\t<div class=\"elementor-element elementor-element-dad5bfc elementor-widget elementor-widget-heading\" data-id=\"dad5bfc\" data-element_type=\"widget\" data-e-type=\"widget\" data-widget_type=\"heading.default\">\n\t\t\t\t\t<h2 class=\"elementor-heading-title elementor-size-default\">Regulations and legal acts<\/h2>\t\t\t\t<\/div>\n\t\t\t\t<div class=\"elementor-element elementor-element-c3a0bed elementor-icon-list--layout-traditional elementor-list-item-link-full_width elementor-widget elementor-widget-icon-list\" data-id=\"c3a0bed\" data-element_type=\"widget\" data-e-type=\"widget\" data-widget_type=\"icon-list.default\">\n\t\t\t\t\t\t\t<ul class=\"elementor-icon-list-items\">\n\t\t\t\t\t\t\t<li class=\"elementor-icon-list-item\">\n\t\t\t\t\t\t\t\t\t\t\t<a href=\"https:\/\/e-seimas.lrs.lt\/portal\/legalAct\/lt\/TAD\/TAIS.2319\/asr\" target=\"_blank\" rel=\"noopener\">\n\n\t\t\t\t\t\t\t\t\t\t\t\t<span class=\"elementor-icon-list-icon\">\n\t\t\t\t\t\t\t<svg aria-hidden=\"true\" class=\"e-font-icon-svg e-fas-clipboard-check\" viewbox=\"0 0 384 512\" xmlns=\"http:\/\/www.w3.org\/2000\/svg\"><path d=\"M336 64h-80c0-35.3-28.7-64-64-64s-64 28.7-64 64H48C21.5 64 0 85.5 0 112v352c0 26.5 21.5 48 48 48h288c26.5 0 48-21.5 48-48V112c0-26.5-21.5-48-48-48zM192 40c13.3 0 24 10.7 24 24s-10.7 24-24 24-24-10.7-24-24 10.7-24 24-24zm121.2 231.8l-143 141.8c-4.7 4.7-12.3 4.6-17-.1l-82.6-83.3c-4.7-4.7-4.6-12.3.1-17L99.1 285c4.7-4.7 12.3-4.6 17 .1l46 46.4 106-105.2c4.7-4.7 12.3-4.6 17 .1l28.2 28.4c4.7 4.8 4.6 12.3-.1 17z\"><\/path><\/svg>\t\t\t\t\t\t<\/span>\n\t\t\t\t\t\t\t\t\t\t<span class=\"elementor-icon-list-text\">Law of the Republic of Lithuania on the Fundamentals of the Protection of the Rights of Persons with Disabilities I-2044 <\/span>\n\t\t\t\t\t\t\t\t\t\t\t<\/a>\n\t\t\t\t\t\t\t\t\t<\/li>\n\t\t\t\t\t\t\t\t<li class=\"elementor-icon-list-item\">\n\t\t\t\t\t\t\t\t\t\t\t<a href=\"https:\/\/www.kinologija.lt\/media\/file\/Dokumentai\/Reglamentai\/TPMK%20kolegijos%20reglamentas.pdf\" target=\"_blank\" rel=\"noopener\">\n\n\t\t\t\t\t\t\t\t\t\t\t\t<span class=\"elementor-icon-list-icon\">\n\t\t\t\t\t\t\t<svg aria-hidden=\"true\" class=\"e-font-icon-svg e-fas-clipboard-check\" viewbox=\"0 0 384 512\" xmlns=\"http:\/\/www.w3.org\/2000\/svg\"><path d=\"M336 64h-80c0-35.3-28.7-64-64-64s-64 28.7-64 64H48C21.5 64 0 85.5 0 112v352c0 26.5 21.5 48 48 48h288c26.5 0 48-21.5 48-48V112c0-26.5-21.5-48-48-48zM192 40c13.3 0 24 10.7 24 24s-10.7 24-24 24-24-10.7-24-24 10.7-24 24-24zm121.2 231.8l-143 141.8c-4.7 4.7-12.3 4.6-17-.1l-82.6-83.3c-4.7-4.7-4.6-12.3.1-17L99.1 285c4.7-4.7 12.3-4.6 17 .1l46 46.4 106-105.2c4.7-4.7 12.3-4.6 17 .1l28.2 28.4c4.7 4.8 4.6 12.3-.1 17z\"><\/path><\/svg>\t\t\t\t\t\t<\/span>\n\t\t\t\t\t\t\t\t\t\t<span class=\"elementor-icon-list-text\">Regulation of the College of Instructors for the Training of Therapy Dogs, Assistance Dogs and Medical Search Dogs (Lithuanian Canine Association) <\/span>\n\t\t\t\t\t\t\t\t\t\t\t<\/a>\n\t\t\t\t\t\t\t\t\t<\/li>\n\t\t\t\t\t\t\t\t<li class=\"elementor-icon-list-item\">\n\t\t\t\t\t\t\t\t\t\t\t<a href=\"https:\/\/lygybe.lt\/wp-content\/uploads\/2025\/03\/del-sunu-vedliu-ir-sunu-asistentu_-komisijos-_isvada_-1.pdf\" target=\"_blank\" rel=\"noopener\">\n\n\t\t\t\t\t\t\t\t\t\t\t\t<span class=\"elementor-icon-list-icon\">\n\t\t\t\t\t\t\t<svg aria-hidden=\"true\" class=\"e-font-icon-svg e-fas-clipboard-check\" viewbox=\"0 0 384 512\" xmlns=\"http:\/\/www.w3.org\/2000\/svg\"><path d=\"M336 64h-80c0-35.3-28.7-64-64-64s-64 28.7-64 64H48C21.5 64 0 85.5 0 112v352c0 26.5 21.5 48 48 48h288c26.5 0 48-21.5 48-48V112c0-26.5-21.5-48-48-48zM192 40c13.3 0 24 10.7 24 24s-10.7 24-24 24-24-10.7-24-24 10.7-24 24-24zm121.2 231.8l-143 141.8c-4.7 4.7-12.3 4.6-17-.1l-82.6-83.3c-4.7-4.7-4.6-12.3.1-17L99.1 285c4.7-4.7 12.3-4.6 17 .1l46 46.4 106-105.2c4.7-4.7 12.3-4.6 17 .1l28.2 28.4c4.7 4.8 4.6 12.3-.1 17z\"><\/path><\/svg>\t\t\t\t\t\t<\/span>\n\t\t\t\t\t\t\t\t\t\t<span class=\"elementor-icon-list-text\">Commission for Monitoring the Rights of People with Disabilities under the Office of the Equal Opportunities Ombudsman: CONCLUSION ON ASSISTANCE DOGS (2025 03 03) <\/span>\n\t\t\t\t\t\t\t\t\t\t\t<\/a>\n\t\t\t\t\t\t\t\t\t<\/li>\n\t\t\t\t\t\t<\/ul>\n\t\t\t\t\t\t<\/div>\n\t\t\t\t<\/div>\n\t\t\t\t<div class=\"elementor-element elementor-element-b19f215 elementor-widget__width-initial elementor-widget-mobile__width-inherit elementor-widget elementor-widget-image\" data-id=\"b19f215\" data-element_type=\"widget\" data-e-type=\"widget\" data-widget_type=\"image.default\">\n\t\t\t\t\t\t\t\t\t\t\t\t\t\t\t<img loading=\"lazy\" decoding=\"async\" width=\"926\" height=\"1024\" src=\"https:\/\/sunysasistentai.lt\/wp-content\/uploads\/2025\/10\/Reglamentai-ir-teisiniai-aktai-926x1024.webp\" class=\"attachment-large size-large wp-image-1541\" alt=\"Auksaspalvis retriveris \u2013 \u0161uo asistentas, gulintis ant \u017eol\u0117s, d\u0117vintis petne\u0161as su u\u017era\u0161u \u201etarnybinis \u0161uo\u201c. \u0160uo atrodo laimingas, i\u0161si\u017eioj\u0119s ir spindin\u010diomis akimis.\" srcset=\"https:\/\/sunysasistentai.lt\/wp-content\/uploads\/2025\/10\/Reglamentai-ir-teisiniai-aktai-926x1024.webp 926w, https:\/\/sunysasistentai.lt\/wp-content\/uploads\/2025\/10\/Reglamentai-ir-teisiniai-aktai-600x664.webp 600w, https:\/\/sunysasistentai.lt\/wp-content\/uploads\/2025\/10\/Reglamentai-ir-teisiniai-aktai-271x300.webp 271w, https:\/\/sunysasistentai.lt\/wp-content\/uploads\/2025\/10\/Reglamentai-ir-teisiniai-aktai-768x850.webp 768w, https:\/\/sunysasistentai.lt\/wp-content\/uploads\/2025\/10\/Reglamentai-ir-teisiniai-aktai.webp 1148w\" sizes=\"(max-width: 926px) 100vw, 926px\" \/>\t\t\t\t\t\t\t\t\t\t\t\t\t\t\t<\/div>\n\t\t\t\t<\/div>\n\t\t\t\t\t<\/div>\n\t\t\t\t<\/div>\n\t\t\t\t<\/div>","protected":false},"excerpt":{"rendered":"<p>K\u0105 trij\u0173 Baltijos \u0161ali\u0173 gyventojai \u017eino apie \u0161unis pagalbininkus? Reprezentatyvaus rinkos tyrimoataskaita, 2025 m. liepos m\u0117n. Ataskaitos autor\u0117: Doc. Dr. Irina Liubert\u0117, ISM Vadybos ir ekonomikos universitetas Tyrimui \u012fgyvendinti l\u0117\u0161\u0173 skyr\u0117 Lietuvos Respublikos socialin\u0117s apsaugos ir darbo ministerija (projekto NVOKE00339 dalis) ir \u0160unys asistentai, V\u0161\u012e Skaitykite tyrimo ataskait\u0105 K\u0105 sako tyrimai apie keliones su \u0161unimis [&hellip;]<\/p>\n","protected":false},"author":1,"featured_media":0,"parent":0,"menu_order":0,"comment_status":"closed","ping_status":"closed","template":"","meta":{"site-sidebar-layout":"no-sidebar","site-content-layout":"page-builder","ast-site-content-layout":"full-width-container","site-content-style":"default","site-sidebar-style":"default","ast-global-header-display":"","ast-banner-title-visibility":"","ast-main-header-display":"","ast-hfb-above-header-display":"","ast-hfb-below-header-display":"","ast-hfb-mobile-header-display":"","site-post-title":"","ast-breadcrumbs-content":"","ast-featured-img":"disabled","footer-sml-layout":"","ast-disable-related-posts":"","theme-transparent-header-meta":"","adv-header-id-meta":"","stick-header-meta":"","header-above-stick-meta":"","header-main-stick-meta":"","header-below-stick-meta":"","astra-migrate-meta-layouts":"set","ast-page-background-enabled":"default","ast-page-background-meta":{"desktop":{"background-color":"","background-image":"","background-repeat":"repeat","background-position":"center center","background-size":"auto","background-attachment":"scroll","background-type":"","background-media":"","overlay-type":"","overlay-color":"","overlay-opacity":"","overlay-gradient":""},"tablet":{"background-color":"","background-image":"","background-repeat":"repeat","background-position":"center center","background-size":"auto","background-attachment":"scroll","background-type":"","background-media":"","overlay-type":"","overlay-color":"","overlay-opacity":"","overlay-gradient":""},"mobile":{"background-color":"","background-image":"","background-repeat":"repeat","background-position":"center center","background-size":"auto","background-attachment":"scroll","background-type":"","background-media":"","overlay-type":"","overlay-color":"","overlay-opacity":"","overlay-gradient":""}},"ast-content-background-meta":{"desktop":{"background-color":"var(--ast-global-color-5)","background-image":"","background-repeat":"repeat","background-position":"center center","background-size":"auto","background-attachment":"scroll","background-type":"","background-media":"","overlay-type":"","overlay-color":"","overlay-opacity":"","overlay-gradient":""},"tablet":{"background-color":"var(--ast-global-color-5)","background-image":"","background-repeat":"repeat","background-position":"center center","background-size":"auto","background-attachment":"scroll","background-type":"","background-media":"","overlay-type":"","overlay-color":"","overlay-opacity":"","overlay-gradient":""},"mobile":{"background-color":"var(--ast-global-color-5)","background-image":"","background-repeat":"repeat","background-position":"center center","background-size":"auto","background-attachment":"scroll","background-type":"","background-media":"","overlay-type":"","overlay-color":"","overlay-opacity":"","overlay-gradient":""}},"footnotes":""},"class_list":["post-1040","page","type-page","status-publish","hentry"],"_links":{"self":[{"href":"https:\/\/sunysasistentai.lt\/en\/wp-json\/wp\/v2\/pages\/1040","targetHints":{"allow":["GET"]}}],"collection":[{"href":"https:\/\/sunysasistentai.lt\/en\/wp-json\/wp\/v2\/pages"}],"about":[{"href":"https:\/\/sunysasistentai.lt\/en\/wp-json\/wp\/v2\/types\/page"}],"author":[{"embeddable":true,"href":"https:\/\/sunysasistentai.lt\/en\/wp-json\/wp\/v2\/users\/1"}],"replies":[{"embeddable":true,"href":"https:\/\/sunysasistentai.lt\/en\/wp-json\/wp\/v2\/comments?post=1040"}],"version-history":[{"count":77,"href":"https:\/\/sunysasistentai.lt\/en\/wp-json\/wp\/v2\/pages\/1040\/revisions"}],"predecessor-version":[{"id":2409,"href":"https:\/\/sunysasistentai.lt\/en\/wp-json\/wp\/v2\/pages\/1040\/revisions\/2409"}],"wp:attachment":[{"href":"https:\/\/sunysasistentai.lt\/en\/wp-json\/wp\/v2\/media?parent=1040"}],"curies":[{"name":"wp","href":"https:\/\/api.w.org\/{rel}","templated":true}]}}