{"id":1858,"date":"2025-11-14T18:30:10","date_gmt":"2025-11-14T15:30:10","guid":{"rendered":"https:\/\/sunysasistentai.lt\/?page_id=1858"},"modified":"2026-01-04T13:17:50","modified_gmt":"2026-01-04T10:17:50","slug":"pristatymo-salygos","status":"publish","type":"page","link":"https:\/\/sunysasistentai.lt\/en\/pristatymo-salygos\/","title":{"rendered":"Delivery conditions"},"content":{"rendered":"<div data-elementor-type=\"wp-page\" data-elementor-id=\"1858\" class=\"elementor elementor-1858\" data-elementor-post-type=\"page\">\n\t\t\t\t<div class=\"elementor-element elementor-element-4beb837 e-flex e-con-boxed e-con e-parent\" data-id=\"4beb837\" data-element_type=\"container\" data-e-type=\"container\" data-settings=\"{&quot;background_background&quot;:&quot;classic&quot;}\">\n\t\t\t\t\t<div class=\"e-con-inner\">\n\t\t\t\t<div class=\"elementor-element elementor-element-5da3753 elementor-widget elementor-widget-heading\" data-id=\"5da3753\" data-element_type=\"widget\" data-e-type=\"widget\" data-widget_type=\"heading.default\">\n\t\t\t\t\t<h1 class=\"elementor-heading-title elementor-size-default\">Pristatymo salygos<\/h1>\t\t\t\t<\/div>\n\t\t\t\t<div class=\"elementor-element elementor-element-77b2bf27 elementor-widget elementor-widget-text-editor\" data-id=\"77b2bf27\" data-element_type=\"widget\" data-e-type=\"widget\" data-widget_type=\"text-editor.default\">\n\t\t\t\t\t\t\t\t\t<p><\/p>\n<p>Prekes pristatome tik Lietuvos Respublikoje.<br>Pristatymui galite rinktis Jums tinkam\u0105 \u201eOmniva\u201c pa\u0161tomat\u0105.<br>Prek\u0117s i\u0161siun\u010diamos per 1 \u2013 5 darbo dienas.<br>\u201cOmniva\u201d pristatymo terminai nurodomi \u0161iame puslapyje: <a href=\"https:\/\/www.omniva.lt\/pagalba\/omniva-siuntu-pristatymo-terminai-lt\" target=\"_blank\" rel=\"noopener\">https:\/\/www.omniva.lt\/pagalba\/omniva-siuntu-pristatymo-terminai-lt<\/a> (\u017er. \u201cVerslo klientas\u201d).<br>Jei turite klausim\u0173 \u2013 kreipkit\u0117s info@sunysasistentai.lt.<\/p>\n<p><\/p>\t\t\t\t\t\t\t\t<\/div>\n\t\t\t\t\t<\/div>\n\t\t\t\t<\/div>\n\t\t\t\t<\/div>","protected":false},"excerpt":{"rendered":"<p>Pristatymo salygos Prekes pristatome tik Lietuvos Respublikoje.Pristatymui galite rinktis Jums tinkam\u0105 \u201eOmniva\u201c pa\u0161tomat\u0105.Prek\u0117s i\u0161siun\u010diamos per 1 \u2013 5 darbo dienas.\u201cOmniva\u201d pristatymo terminai nurodomi \u0161iame puslapyje: https:\/\/www.omniva.lt\/pagalba\/omniva-siuntu-pristatymo-terminai-lt (\u017er. \u201cVerslo klientas\u201d).Jei turite klausim\u0173 \u2013 kreipkit\u0117s info@sunysasistentai.lt.<\/p>","protected":false},"author":1,"featured_media":0,"parent":0,"menu_order":0,"comment_status":"closed","ping_status":"closed","template":"","meta":{"site-sidebar-layout":"no-sidebar","site-content-layout":"page-builder","ast-site-content-layout":"full-width-container","site-content-style":"default","site-sidebar-style":"default","ast-global-header-display":"","ast-banner-title-visibility":"","ast-main-header-display":"","ast-hfb-above-header-display":"","ast-hfb-below-header-display":"","ast-hfb-mobile-header-display":"","site-post-title":"","ast-breadcrumbs-content":"","ast-featured-img":"disabled","footer-sml-layout":"","ast-disable-related-posts":"","theme-transparent-header-meta":"","adv-header-id-meta":"","stick-header-meta":"","header-above-stick-meta":"","header-main-stick-meta":"","header-below-stick-meta":"","astra-migrate-meta-layouts":"set","ast-page-background-enabled":"default","ast-page-background-meta":{"desktop":{"background-color":"","background-image":"","background-repeat":"repeat","background-position":"center center","background-size":"auto","background-attachment":"scroll","background-type":"","background-media":"","overlay-type":"","overlay-color":"","overlay-opacity":"","overlay-gradient":""},"tablet":{"background-color":"","background-image":"","background-repeat":"repeat","background-position":"center center","background-size":"auto","background-attachment":"scroll","background-type":"","background-media":"","overlay-type":"","overlay-color":"","overlay-opacity":"","overlay-gradient":""},"mobile":{"background-color":"","background-image":"","background-repeat":"repeat","background-position":"center center","background-size":"auto","background-attachment":"scroll","background-type":"","background-media":"","overlay-type":"","overlay-color":"","overlay-opacity":"","overlay-gradient":""}},"ast-content-background-meta":{"desktop":{"background-color":"var(--ast-global-color-5)","background-image":"","background-repeat":"repeat","background-position":"center center","background-size":"auto","background-attachment":"scroll","background-type":"","background-media":"","overlay-type":"","overlay-color":"","overlay-opacity":"","overlay-gradient":""},"tablet":{"background-color":"var(--ast-global-color-5)","background-image":"","background-repeat":"repeat","background-position":"center center","background-size":"auto","background-attachment":"scroll","background-type":"","background-media":"","overlay-type":"","overlay-color":"","overlay-opacity":"","overlay-gradient":""},"mobile":{"background-color":"var(--ast-global-color-5)","background-image":"","background-repeat":"repeat","background-position":"center center","background-size":"auto","background-attachment":"scroll","background-type":"","background-media":"","overlay-type":"","overlay-color":"","overlay-opacity":"","overlay-gradient":""}},"footnotes":""},"class_list":["post-1858","page","type-page","status-publish","hentry"],"_links":{"self":[{"href":"https:\/\/sunysasistentai.lt\/en\/wp-json\/wp\/v2\/pages\/1858","targetHints":{"allow":["GET"]}}],"collection":[{"href":"https:\/\/sunysasistentai.lt\/en\/wp-json\/wp\/v2\/pages"}],"about":[{"href":"https:\/\/sunysasistentai.lt\/en\/wp-json\/wp\/v2\/types\/page"}],"author":[{"embeddable":true,"href":"https:\/\/sunysasistentai.lt\/en\/wp-json\/wp\/v2\/users\/1"}],"replies":[{"embeddable":true,"href":"https:\/\/sunysasistentai.lt\/en\/wp-json\/wp\/v2\/comments?post=1858"}],"version-history":[{"count":6,"href":"https:\/\/sunysasistentai.lt\/en\/wp-json\/wp\/v2\/pages\/1858\/revisions"}],"predecessor-version":[{"id":2358,"href":"https:\/\/sunysasistentai.lt\/en\/wp-json\/wp\/v2\/pages\/1858\/revisions\/2358"}],"wp:attachment":[{"href":"https:\/\/sunysasistentai.lt\/en\/wp-json\/wp\/v2\/media?parent=1858"}],"curies":[{"name":"wp","href":"https:\/\/api.w.org\/{rel}","templated":true}]}}