{"id":1860,"date":"2025-11-14T18:30:40","date_gmt":"2025-11-14T15:30:40","guid":{"rendered":"https:\/\/sunysasistentai.lt\/?page_id=1860"},"modified":"2026-01-04T13:17:49","modified_gmt":"2026-01-04T10:17:49","slug":"prekiu-ir-pinigu-grazinimo-salygos","status":"publish","type":"page","link":"https:\/\/sunysasistentai.lt\/en\/prekiu-ir-pinigu-grazinimo-salygos\/","title":{"rendered":"Conditions for returns"},"content":{"rendered":"<div data-elementor-type=\"wp-page\" data-elementor-id=\"1860\" class=\"elementor elementor-1860\" data-elementor-post-type=\"page\">\n\t\t\t\t<div class=\"elementor-element elementor-element-28fa6e0e e-flex e-con-boxed e-con e-parent\" data-id=\"28fa6e0e\" data-element_type=\"container\" data-e-type=\"container\">\n\t\t\t\t\t<div class=\"e-con-inner\">\n\t\t\t\t<div class=\"elementor-element elementor-element-33198a1 elementor-widget elementor-widget-heading\" data-id=\"33198a1\" data-element_type=\"widget\" data-e-type=\"widget\" data-widget_type=\"heading.default\">\n\t\t\t\t\t<h1 class=\"elementor-heading-title elementor-size-default\">Conditions for returns<\/h1>\t\t\t\t<\/div>\n\t\t\t\t<div class=\"elementor-element elementor-element-63946c33 elementor-widget elementor-widget-text-editor\" data-id=\"63946c33\" data-element_type=\"widget\" data-e-type=\"widget\" data-widget_type=\"text-editor.default\">\n\t\t\t\t\t\t\t\t\t\n<p>43. Parduot\u0173 preki\u0173 tr\u016bkumai \u0161alinami, nekokybi\u0161kos prek\u0117s kei\u010diamos ir gr\u0105\u017einamos vadovaujantis Lietuvos Respublikos Vyriausyb\u0117s 2001 m. bir\u017eelio 11 d. nutarimu Nr. 697 \u201eD\u0117l ma\u017emenin\u0117s prekybos taisykli\u0173 patvirtinimo\u201d patvirtintomis Ma\u017emenin\u0117s prekybos taisykl\u0117mis.<\/p>\n\n\n\n<p>44. Pirk\u0117jas, pasinaudodamas Preki\u0173 gr\u0105\u017einimo teise, prane\u0161a apie gr\u0105\u017einam\u0105 prek\u0119 elektroninio pa\u0161to adresu info@sunysasistentai.lt. Elektroniniame lai\u0161ke Pirk\u0117jas nurodo preki\u0173 \u012fsigijimo<\/p>\n\n\n\n<p>dokumento numer\u012f bei priera\u0161\u0105 \u201eGr\u0105\u017einamos prek\u0117s\u201d ir gr\u0105\u017einimo prie\u017east\u012f (prek\u0117s tr\u016bkum\u0105 ar kit\u0105 prie\u017east\u012f) d\u0117l kurios \u012fsigyta prek\u0117 netenkina vartotojo.<\/p>\n\n\n\n<p>45. Pirk\u0117jas savo pasirinkimu turi teis\u0119 per Civilinio kodekso 6.338 straipsnyje nurodyt\u0105 termin\u0105 i\u0161si\u0173sti arba perduoti prekes Pardav\u0117jui Prek\u0117s tr\u016bkum\u0173 pa\u0161alinimui, nekokybi\u0161k\u0173 preki\u0173 pakeitimui ar gr\u0105\u017einimui.<\/p>\n\n\n\n<p>46. Pirk\u0117jui gr\u0105\u017einant\/kei\u010diant prekes b\u016btina laikytis \u0161i\u0173 s\u0105lyg\u0173: pageidautina, kad Prek\u0117 b\u016bt\u0173 originalioje tvarkingoje pakuot\u0117je arba taip pat saugiai supakuota; prek\u0117 turi b\u016bti tos pa\u010dios komplektacijos, kokios buvo Pirk\u0117jo gauta; prek\u0117 turi b\u016bti \u0161vari; prek\u0117 turi b\u016bti nenaudota, nesugadinta, i\u0161saugotos jos vartojamosios savyb\u0117s ir turi b\u016bti nepraradusi savo prekin\u0117s i\u0161vaizdos d\u0117l Pirk\u0117jo kalt\u0117s (i\u0161skyrus i\u0161vaizdos pakitimus, kurie yra nei\u0161vengiami norint ap\u017ei\u016br\u0117ti prek\u0119).<\/p>\n\n\n\n<p>47. Pirk\u0117jui gr\u0105\u017einant\/kei\u010diant prekes pateikiamas ra\u0161ytinis pra\u0161ymas nurodant pageidavim\u0105 gr\u0105\u017einti Pirk\u0117jo sumok\u0117tus pinigus, jei prek\u0117 negali b\u016bti pakeista kokybi\u0161ka preke, pakeisti prek\u0119 kokybi\u0161ka preke, i\u0161taisyti prek\u0117s tr\u016bkumus.<\/p>\n\n\n\n<p>48. Pirk\u0117jui gr\u0105\u017einant\/kei\u010diant prekes turi b\u016bti pateikiamas prek\u0117s \u012fsigijim\u0105 patvirtinantis dokumentas ir gr\u0105\u017einam\u0173 preki\u0173 pavadinimus, kiek\u012f, bei preki\u0173 gr\u0105\u017einimo prie\u017eastis.<\/p>\n\n\n\n<p>49. Preki\u0173 siuntimo\/pristatymo i\u0161laidas, Pirk\u0117jui siun\u010diant prekes Pardav\u0117jui gr\u0105\u017einti ar pakeisti d\u0117l prek\u0117s tr\u016bkum\u0173 ar tr\u016bkumams \u0161alinti, ar patikrinti apmoka Pardav\u0117jas, tuo atveju jeigu gr\u0105\u017einimui ar pakeitimui si\u0173stose prek\u0117se nustatyta tr\u016bkum\u0173. Prek\u0117se nenusta\u010dius tr\u016bkum\u0173, siuntimo i\u0161laidas apmoka Pirk\u0117jas.<\/p>\n\n\n\n<p>50. Pardav\u0117jas turi teis\u0119 nepriimti Pirk\u0117jo gr\u0105\u017einam\u0173 preki\u0173, jei Pirk\u0117jas nesilaiko \u0161iose Taisykl\u0117se nustatytos preki\u0173 gr\u0105\u017einimo tvarkos.<\/p>\n\n\n\n<p>51. Pardav\u0117jas elektroniniu pa\u0161tu per 14 dien\u0173 informuoja Pirk\u0117j\u0105 apie tai, ar jo gr\u0105\u017einta prek\u0117 atitiko auk\u0161\u010diau nurodytas s\u0105lygas.<\/p>\n\n\n\n<p>52. Jei pakeistos prek\u0117s vert\u0117 yra didesn\u0117 nei gr\u0105\u017eintos prek\u0117s vert\u0117, Pirk\u0117jas sumoka kainos skirtum\u0105. Jeigu pakeistos prek\u0117s vert\u0117 yra ma\u017eesn\u0117 nei gr\u0105\u017eintos prek\u0117s vert\u0117, Pardav\u0117jas gr\u0105\u017eina Pirk\u0117jui kain\u0173 skirtum\u0105.<\/p>\n\n\n\n<p>53. Pardav\u0117jas nedelsdamas ir ne v\u0117liau kaip per 14 dien\u0173 nuo tos dienos, kuri\u0105 jis gavo Pirk\u0117jo gr\u0105\u017eint\u0105 nekokybi\u0161k\u0105 prek\u0119, jei n\u0117ra Pirk\u0117jo pra\u0161ymo Prek\u0119 pakeisti kita kokybi\u0161ka Preke ir gr\u0105\u017einta Prek\u0117 atitiko auk\u0161\u010diau i\u0161vardintas gr\u0105\u017einimo s\u0105lygas, gr\u0105\u017eina Pirk\u0117jui visas \u0161io sumok\u0117tas sumas, \u012fskaitant Pirk\u0117jo pirkimo metu apmok\u0117tas preki\u0173 pristatymo i\u0161laidas. Gr\u0105\u017eindamas Pirk\u0117jui visas sumok\u0117tas sumas, Pardav\u0117jas turi naudoti tok\u012f pat mok\u0117jimo b\u016bd\u0105, kok\u012f naudojo Pirk\u0117jas mok\u0117damas Pardav\u0117jui, nebent Pirk\u0117jas ai\u0161kiai sutiko d\u0117l kitokio b\u016bdo.<\/p>\n\n\n\n<p>54. Tais atvejais, kai Pirk\u0117jas gr\u0105\u017eina tik vien\u0105 ar kelias, bet ne visas pristatytas prekes, preki\u0173 pristatymo i\u0161laidos jam n\u0117ra gr\u0105\u017einamos.<\/p>\n\n\n\n<p>55. Pardav\u0117jas gali negr\u0105\u017einti Pirk\u0117jui jo sumok\u0117t\u0173 sum\u0173 tol, kol prek\u0117s n\u0117ra gr\u0105\u017eintos Pardav\u0117jui. Apie tai, kad Pardav\u0117jas gavo gr\u0105\u017einamas prekes, Pirk\u0117jas yra informuojamas elektroniniu lai\u0161ku.<\/p>\n\t\t\t\t\t\t\t\t<\/div>\n\t\t\t\t\t<\/div>\n\t\t\t\t<\/div>\n\t\t\t\t<\/div>","protected":false},"excerpt":{"rendered":"<p>Preki\u0173 ir pinig\u0173 gr\u0105\u017einimo s\u0105lygos 43. Parduot\u0173 preki\u0173 tr\u016bkumai \u0161alinami, nekokybi\u0161kos prek\u0117s kei\u010diamos ir gr\u0105\u017einamos vadovaujantis Lietuvos Respublikos Vyriausyb\u0117s 2001 m. bir\u017eelio 11 d. nutarimu Nr. 697 \u201eD\u0117l ma\u017emenin\u0117s prekybos taisykli\u0173 patvirtinimo\u201d patvirtintomis Ma\u017emenin\u0117s prekybos taisykl\u0117mis. 44. Pirk\u0117jas, pasinaudodamas Preki\u0173 gr\u0105\u017einimo teise, prane\u0161a apie gr\u0105\u017einam\u0105 prek\u0119 elektroninio pa\u0161to adresu info@sunysasistentai.lt. Elektroniniame lai\u0161ke Pirk\u0117jas nurodo preki\u0173 [&hellip;]<\/p>\n","protected":false},"author":1,"featured_media":0,"parent":0,"menu_order":0,"comment_status":"closed","ping_status":"closed","template":"","meta":{"site-sidebar-layout":"default","site-content-layout":"","ast-site-content-layout":"default","site-content-style":"default","site-sidebar-style":"default","ast-global-header-display":"","ast-banner-title-visibility":"","ast-main-header-display":"","ast-hfb-above-header-display":"","ast-hfb-below-header-display":"","ast-hfb-mobile-header-display":"","site-post-title":"disabled","ast-breadcrumbs-content":"","ast-featured-img":"","footer-sml-layout":"","ast-disable-related-posts":"","theme-transparent-header-meta":"","adv-header-id-meta":"","stick-header-meta":"","header-above-stick-meta":"","header-main-stick-meta":"","header-below-stick-meta":"","astra-migrate-meta-layouts":"set","ast-page-background-enabled":"default","ast-page-background-meta":{"desktop":{"background-color":"","background-image":"","background-repeat":"repeat","background-position":"center center","background-size":"auto","background-attachment":"scroll","background-type":"","background-media":"","overlay-type":"","overlay-color":"","overlay-opacity":"","overlay-gradient":""},"tablet":{"background-color":"","background-image":"","background-repeat":"repeat","background-position":"center center","background-size":"auto","background-attachment":"scroll","background-type":"","background-media":"","overlay-type":"","overlay-color":"","overlay-opacity":"","overlay-gradient":""},"mobile":{"background-color":"","background-image":"","background-repeat":"repeat","background-position":"center center","background-size":"auto","background-attachment":"scroll","background-type":"","background-media":"","overlay-type":"","overlay-color":"","overlay-opacity":"","overlay-gradient":""}},"ast-content-background-meta":{"desktop":{"background-color":"var(--ast-global-color-5)","background-image":"","background-repeat":"repeat","background-position":"center center","background-size":"auto","background-attachment":"scroll","background-type":"","background-media":"","overlay-type":"","overlay-color":"","overlay-opacity":"","overlay-gradient":""},"tablet":{"background-color":"var(--ast-global-color-5)","background-image":"","background-repeat":"repeat","background-position":"center center","background-size":"auto","background-attachment":"scroll","background-type":"","background-media":"","overlay-type":"","overlay-color":"","overlay-opacity":"","overlay-gradient":""},"mobile":{"background-color":"var(--ast-global-color-5)","background-image":"","background-repeat":"repeat","background-position":"center center","background-size":"auto","background-attachment":"scroll","background-type":"","background-media":"","overlay-type":"","overlay-color":"","overlay-opacity":"","overlay-gradient":""}},"footnotes":""},"class_list":["post-1860","page","type-page","status-publish","hentry"],"_links":{"self":[{"href":"https:\/\/sunysasistentai.lt\/en\/wp-json\/wp\/v2\/pages\/1860","targetHints":{"allow":["GET"]}}],"collection":[{"href":"https:\/\/sunysasistentai.lt\/en\/wp-json\/wp\/v2\/pages"}],"about":[{"href":"https:\/\/sunysasistentai.lt\/en\/wp-json\/wp\/v2\/types\/page"}],"author":[{"embeddable":true,"href":"https:\/\/sunysasistentai.lt\/en\/wp-json\/wp\/v2\/users\/1"}],"replies":[{"embeddable":true,"href":"https:\/\/sunysasistentai.lt\/en\/wp-json\/wp\/v2\/comments?post=1860"}],"version-history":[{"count":5,"href":"https:\/\/sunysasistentai.lt\/en\/wp-json\/wp\/v2\/pages\/1860\/revisions"}],"predecessor-version":[{"id":2363,"href":"https:\/\/sunysasistentai.lt\/en\/wp-json\/wp\/v2\/pages\/1860\/revisions\/2363"}],"wp:attachment":[{"href":"https:\/\/sunysasistentai.lt\/en\/wp-json\/wp\/v2\/media?parent=1860"}],"curies":[{"name":"wp","href":"https:\/\/api.w.org\/{rel}","templated":true}]}}