{"id":20,"date":"2025-08-25T21:04:02","date_gmt":"2025-08-25T18:04:02","guid":{"rendered":"https:\/\/sunysasistentai.lt\/contact-us\/"},"modified":"2026-01-10T01:32:03","modified_gmt":"2026-01-09T22:32:03","slug":"kontaktai","status":"publish","type":"page","link":"https:\/\/sunysasistentai.lt\/en\/kontaktai\/","title":{"rendered":"Contacts"},"content":{"rendered":"\t\t<div data-elementor-type=\"wp-post\" data-elementor-id=\"20\" class=\"elementor elementor-20\" data-elementor-post-type=\"page\">\n\t\t\t\t<div class=\"elementor-element elementor-element-26850a2 e-flex e-con-boxed e-con e-parent\" data-id=\"26850a2\" data-element_type=\"container\" data-e-type=\"container\">\n\t\t\t\t\t<div class=\"e-con-inner\">\n\t\t<div class=\"elementor-element elementor-element-9def940 e-con-full e-flex e-con e-child\" data-id=\"9def940\" data-element_type=\"container\" data-e-type=\"container\">\n\t\t\t\t<div class=\"elementor-element elementor-element-9e427c4 elementor-widget elementor-widget-heading\" data-id=\"9e427c4\" data-element_type=\"widget\" data-e-type=\"widget\" data-widget_type=\"heading.default\">\n\t\t\t\t\t<h1 class=\"elementor-heading-title elementor-size-default\">Susisiekite ir prisid\u0117kite<\/h1>\t\t\t\t<\/div>\n\t\t\t\t<\/div>\n\t\t<div class=\"elementor-element elementor-element-8f06411 e-con-full e-flex e-con e-child\" data-id=\"8f06411\" data-element_type=\"container\" data-e-type=\"container\">\n\t\t\t\t<div class=\"elementor-element elementor-element-4f150d6 elementor-widget elementor-widget-text-editor\" data-id=\"4f150d6\" data-element_type=\"widget\" data-e-type=\"widget\" data-widget_type=\"text-editor.default\">\n\t\t\t\t\t\t\t\t\t<p>Mes \u0161vie\u010diame visuomen\u0119 apie \u0161unis asistentus ir \u017emoni\u0173 su negalia \u012ftraukt\u012f.<br data-start=\"619\" data-end=\"622\" \/>\u010cia galite:<\/p>\t\t\t\t\t\t\t\t<\/div>\n\t\t\t\t<div class=\"elementor-element elementor-element-78d283a elementor-icon-list--layout-traditional elementor-list-item-link-full_width elementor-widget elementor-widget-icon-list\" data-id=\"78d283a\" data-element_type=\"widget\" data-e-type=\"widget\" data-widget_type=\"icon-list.default\">\n\t\t\t\t\t\t\t<ul class=\"elementor-icon-list-items\">\n\t\t\t\t\t\t\t<li class=\"elementor-icon-list-item\">\n\t\t\t\t\t\t\t\t\t\t\t<span class=\"elementor-icon-list-icon\">\n\t\t\t\t\t\t\t<svg aria-hidden=\"true\" class=\"e-font-icon-svg e-fas-dot-circle\" viewBox=\"0 0 512 512\" xmlns=\"http:\/\/www.w3.org\/2000\/svg\"><path d=\"M256 8C119.033 8 8 119.033 8 256s111.033 248 248 248 248-111.033 248-248S392.967 8 256 8zm80 248c0 44.112-35.888 80-80 80s-80-35.888-80-80 35.888-80 80-80 80 35.888 80 80z\"><\/path><\/svg>\t\t\t\t\t\t<\/span>\n\t\t\t\t\t\t\t\t\t\t<span class=\"elementor-icon-list-text\">Prisid\u0117ti finansi\u0161kai prie m\u016bs\u0173 veiklos.<\/span>\n\t\t\t\t\t\t\t\t\t<\/li>\n\t\t\t\t\t\t\t\t<li class=\"elementor-icon-list-item\">\n\t\t\t\t\t\t\t\t\t\t\t<span class=\"elementor-icon-list-icon\">\n\t\t\t\t\t\t\t<svg aria-hidden=\"true\" class=\"e-font-icon-svg e-fas-dot-circle\" viewBox=\"0 0 512 512\" xmlns=\"http:\/\/www.w3.org\/2000\/svg\"><path d=\"M256 8C119.033 8 8 119.033 8 256s111.033 248 248 248 248-111.033 248-248S392.967 8 256 8zm80 248c0 44.112-35.888 80-80 80s-80-35.888-80-80 35.888-80 80-80 80 35.888 80 80z\"><\/path><\/svg>\t\t\t\t\t\t<\/span>\n\t\t\t\t\t\t\t\t\t\t<span class=\"elementor-icon-list-text\">Tiesiogiai susisiekti su komanda.<\/span>\n\t\t\t\t\t\t\t\t\t<\/li>\n\t\t\t\t\t\t<\/ul>\n\t\t\t\t\t\t<\/div>\n\t\t\t\t<\/div>\n\t\t\t\t\t<\/div>\n\t\t\t\t<\/div>\n\t\t<div class=\"elementor-element elementor-element-6af6018 e-flex e-con-boxed e-con e-parent\" data-id=\"6af6018\" data-element_type=\"container\" data-e-type=\"container\">\n\t\t\t\t\t<div class=\"e-con-inner\">\n\t\t<div class=\"elementor-element elementor-element-41ab893 e-con-full e-flex e-con e-child\" data-id=\"41ab893\" data-element_type=\"container\" data-e-type=\"container\" data-settings=\"{&quot;background_background&quot;:&quot;classic&quot;}\">\n\t\t\t\t<div class=\"elementor-element elementor-element-0e2755f elementor-widget elementor-widget-image\" data-id=\"0e2755f\" data-element_type=\"widget\" data-e-type=\"widget\" data-widget_type=\"image.default\">\n\t\t\t\t\t\t\t\t\t\t\t\t\t\t\t<img fetchpriority=\"high\" decoding=\"async\" width=\"819\" height=\"1024\" src=\"https:\/\/sunysasistentai.lt\/wp-content\/uploads\/2025\/10\/Untitled-design-17-819x1024.jpg\" class=\"attachment-large size-large wp-image-1710\" alt=\"Moteris su m\u0117lynu paltu ir spalvingu \u0161aliku \u0161ypsosi auksaspalviam retriveriui vedliui saul\u0117t\u0105 dien\u0105. Jie stovi ant laipt\u0173, perteikdami draugi\u0161kum\u0105. \u0160uo vilki odines \u0161uns asistento petne\u0161as.\" srcset=\"https:\/\/sunysasistentai.lt\/wp-content\/uploads\/2025\/10\/Untitled-design-17-819x1024.jpg 819w, https:\/\/sunysasistentai.lt\/wp-content\/uploads\/2025\/10\/Untitled-design-17-600x750.jpg 600w, https:\/\/sunysasistentai.lt\/wp-content\/uploads\/2025\/10\/Untitled-design-17-240x300.jpg 240w, https:\/\/sunysasistentai.lt\/wp-content\/uploads\/2025\/10\/Untitled-design-17-768x960.jpg 768w, https:\/\/sunysasistentai.lt\/wp-content\/uploads\/2025\/10\/Untitled-design-17.jpg 1080w\" sizes=\"(max-width: 819px) 100vw, 819px\" \/>\t\t\t\t\t\t\t\t\t\t\t\t\t\t\t<\/div>\n\t\t\t\t<\/div>\n\t\t<div class=\"elementor-element elementor-element-7fccbbc e-con-full e-flex e-con e-child\" data-id=\"7fccbbc\" data-element_type=\"container\" data-e-type=\"container\">\n\t\t\t\t<div class=\"elementor-element elementor-element-1454e24 elementor-widget elementor-widget-heading\" data-id=\"1454e24\" data-element_type=\"widget\" data-e-type=\"widget\" data-widget_type=\"heading.default\">\n\t\t\t\t\t<h2 class=\"elementor-heading-title elementor-size-default\"><a href=\"#\">Prisid\u0117kite finansi\u0161kai<\/a><\/h2>\t\t\t\t<\/div>\n\t\t\t\t<div class=\"elementor-element elementor-element-568c74f elementor-widget elementor-widget-text-editor\" data-id=\"568c74f\" data-element_type=\"widget\" data-e-type=\"widget\" data-widget_type=\"text-editor.default\">\n\t\t\t\t\t\t\t\t\t<p data-start=\"977\" data-end=\"1207\">J\u016bs\u0173 parama padeda mums \u0161viesti visuomen\u0119, rengti mokymus \u012fstaigoms ir dalintis patikima informacija apie \u0161unis asistentus. Kuo daugiau supratimo \u2013 tuo daugiau pri\u0117mimo, saugumo ir savaranki\u0161kumo \u017emon\u0117ms su negalia.<\/p>\n<p data-start=\"1209\" data-end=\"1262\">Net ir nedidel\u0117 parama mums leid\u017eia t\u0119sti \u0161i\u0105 veikl\u0105.<\/p>\t\t\t\t\t\t\t\t<\/div>\n\t\t\t\t<div class=\"elementor-element elementor-element-ca34e3c elementor-widget elementor-widget-heading\" data-id=\"ca34e3c\" data-element_type=\"widget\" data-e-type=\"widget\" data-widget_type=\"heading.default\">\n\t\t\t\t\t<h3 class=\"elementor-heading-title elementor-size-default\">Rekvizitai paramai<\/h3>\t\t\t\t<\/div>\n\t\t\t\t<div class=\"elementor-element elementor-element-84cc4aa elementor-widget elementor-widget-text-editor\" data-id=\"84cc4aa\" data-element_type=\"widget\" data-e-type=\"widget\" data-widget_type=\"text-editor.default\">\n\t\t\t\t\t\t\t\t\t<p><strong>\u0160unys asistentai<\/strong><br data-start=\"1345\" data-end=\"1348\" \/>Nevyriausybin\u0117 organizacija (V\u0161\u012e)<\/p>\n<p><strong>\u012emon\u0117s kodas:<\/strong> 306977034<br data-start=\"1432\" data-end=\"1435\" \/><strong>Bankas:<\/strong> Swedbank<br data-start=\"1451\" data-end=\"1454\" \/><strong>Banko s\u0105skaitos Nr.:<\/strong> LT177300010188635844<\/p>\t\t\t\t\t\t\t\t<\/div>\n\t\t\t\t<div class=\"elementor-element elementor-element-0072714 elementor-mobile-align-justify elementor-widget elementor-widget-button\" data-id=\"0072714\" data-element_type=\"widget\" data-e-type=\"widget\" data-widget_type=\"button.default\">\n\t\t\t\t\t\t\t\t\t\t<a class=\"elementor-button elementor-button-link elementor-size-sm\" href=\"https:\/\/www.paypal.com\/donate\/?hosted_button_id=S4LX7EYZQMNW6\" target=\"_blank\" rel=\"noopener\">\n\t\t\t\t\t\t<span class=\"elementor-button-content-wrapper\">\n\t\t\t\t\t\t\t\t\t<span class=\"elementor-button-text\">Paremti pavedimu<\/span>\n\t\t\t\t\t<\/span>\n\t\t\t\t\t<\/a>\n\t\t\t\t\t\t\t\t<\/div>\n\t\t\t\t<\/div>\n\t\t\t\t\t<\/div>\n\t\t\t\t<\/div>\n\t\t<div class=\"elementor-element elementor-element-9f2ba45 e-flex e-con-boxed e-con e-parent\" data-id=\"9f2ba45\" data-element_type=\"container\" data-e-type=\"container\">\n\t\t\t\t\t<div class=\"e-con-inner\">\n\t\t<div class=\"elementor-element elementor-element-059c970 e-con-full e-flex e-con e-child\" data-id=\"059c970\" data-element_type=\"container\" data-e-type=\"container\">\n\t\t\t\t<div class=\"elementor-element elementor-element-2233847 elementor-widget elementor-widget-heading\" data-id=\"2233847\" data-element_type=\"widget\" data-e-type=\"widget\" data-widget_type=\"heading.default\">\n\t\t\t\t\t<h2 class=\"elementor-heading-title elementor-size-default\">Susisiekite<\/h2>\t\t\t\t<\/div>\n\t\t\t\t<div class=\"elementor-element elementor-element-2918341 elementor-widget elementor-widget-text-editor\" data-id=\"2918341\" data-element_type=\"widget\" data-e-type=\"widget\" data-widget_type=\"text-editor.default\">\n\t\t\t\t\t\t\t\t\t<p data-start=\"977\" data-end=\"1207\">Jei turite klausim\u0173 apie m\u016bs\u0173 veikl\u0105, norite pasikviesti mus mokymams ar ie\u0161kote mokym\u0173 med\u017eiagos \u2013 susisiekite.<\/p>\t\t\t\t\t\t\t\t<\/div>\n\t\t\t\t<div class=\"elementor-element elementor-element-e71906c elementor-widget elementor-widget-text-editor\" data-id=\"e71906c\" data-element_type=\"widget\" data-e-type=\"widget\" data-widget_type=\"text-editor.default\">\n\t\t\t\t\t\t\t\t\t<p><strong>\u0160unys asistentai, V\u0161\u012e<\/strong><\/p><p><strong>Vadov\u0117:<\/strong> Irina Liubert\u0117<\/p><p><strong>Adresas:<\/strong> Dvar\u010dioni\u0173 sod\u0173 3-ioji, 21, Vilnius, Lietuva<\/p><p><strong>El. pa\u0161tas:<\/strong> <a href=\"mailto:info@sunysasistentai.lt\" target=\"_blank\" rel=\"noopener\">info@sunysasistentai.lt<\/a><\/p>\t\t\t\t\t\t\t\t<\/div>\n\t\t\t\t<div class=\"elementor-element elementor-element-d773f58 elementor-align-left elementor-mobile-align-justify elementor-widget elementor-widget-button\" data-id=\"d773f58\" data-element_type=\"widget\" data-e-type=\"widget\" data-widget_type=\"button.default\">\n\t\t\t\t\t\t\t\t\t\t<a class=\"elementor-button elementor-button-link elementor-size-sm\" href=\"mailto:info@sunysasistentai.lt%20\">\n\t\t\t\t\t\t<span class=\"elementor-button-content-wrapper\">\n\t\t\t\t\t\t\t\t\t<span class=\"elementor-button-text\">Si\u0173sti lai\u0161k\u0105<\/span>\n\t\t\t\t\t<\/span>\n\t\t\t\t\t<\/a>\n\t\t\t\t\t\t\t\t<\/div>\n\t\t\t\t<\/div>\n\t\t<div class=\"elementor-element elementor-element-191b5ab e-con-full e-flex e-con e-child\" data-id=\"191b5ab\" data-element_type=\"container\" data-e-type=\"container\">\n\t\t\t\t<div class=\"elementor-element elementor-element-4bff7de elementor-widget__width-initial elementor-button-align-stretch elementor-widget elementor-widget-form\" data-id=\"4bff7de\" data-element_type=\"widget\" data-e-type=\"widget\" data-settings=\"{&quot;step_next_label&quot;:&quot;Next&quot;,&quot;step_previous_label&quot;:&quot;Previous&quot;,&quot;button_width&quot;:&quot;100&quot;,&quot;step_type&quot;:&quot;number_text&quot;,&quot;step_icon_shape&quot;:&quot;circle&quot;}\" data-widget_type=\"form.default\">\n\t\t\t\t\t\t\t<form class=\"elementor-form\" method=\"post\" id=\"forma_susisiekimui\" name=\"New Form\" aria-label=\"New Form\">\n\t\t\t<input type=\"hidden\" name=\"post_id\" value=\"20\"\/>\n\t\t\t<input type=\"hidden\" name=\"form_id\" value=\"4bff7de\"\/>\n\t\t\t<input type=\"hidden\" name=\"referer_title\" value=\"Kontaktai ir parama | \u0160unys asistentai\" \/>\n\n\t\t\t\t\t\t\t<input type=\"hidden\" name=\"queried_id\" value=\"20\"\/>\n\t\t\t\n\t\t\t<div class=\"elementor-form-fields-wrapper elementor-labels-above\">\n\t\t\t\t\t\t\t\t<div class=\"elementor-field-type-text elementor-field-group elementor-column elementor-field-group-name elementor-col-100\">\n\t\t\t\t\t\t\t\t\t\t\t\t<label for=\"form-field-name\" class=\"elementor-field-label\">\n\t\t\t\t\t\t\t\tVardas\t\t\t\t\t\t\t<\/label>\n\t\t\t\t\t\t\t\t\t\t\t\t\t\t<input size=\"1\" type=\"text\" name=\"form_fields[name]\" id=\"form-field-name\" class=\"elementor-field elementor-size-sm  elementor-field-textual\" placeholder=\"Vardas\">\n\t\t\t\t\t\t\t\t\t\t\t<\/div>\n\t\t\t\t\t\t\t\t<div class=\"elementor-field-type-email elementor-field-group elementor-column elementor-field-group-email elementor-col-100 elementor-field-required\">\n\t\t\t\t\t\t\t\t\t\t\t\t<label for=\"form-field-email\" class=\"elementor-field-label\">\n\t\t\t\t\t\t\t\tEl. pa\u0161tas\t\t\t\t\t\t\t<\/label>\n\t\t\t\t\t\t\t\t\t\t\t\t\t\t<input size=\"1\" type=\"email\" name=\"form_fields[email]\" id=\"form-field-email\" class=\"elementor-field elementor-size-sm  elementor-field-textual\" placeholder=\"El. pa\u0161tas\" required=\"required\">\n\t\t\t\t\t\t\t\t\t\t\t<\/div>\n\t\t\t\t\t\t\t\t<div class=\"elementor-field-type-textarea elementor-field-group elementor-column elementor-field-group-message elementor-col-100\">\n\t\t\t\t\t\t\t\t\t\t\t\t<label for=\"form-field-message\" class=\"elementor-field-label\">\n\t\t\t\t\t\t\t\tJ\u016bs\u0173 \u017einut\u0117\t\t\t\t\t\t\t<\/label>\n\t\t\t\t\t\t<textarea class=\"elementor-field-textual elementor-field  elementor-size-sm\" name=\"form_fields[message]\" id=\"form-field-message\" rows=\"8\" placeholder=\"J\u016bs\u0173 \u017einut\u0117\"><\/textarea>\t\t\t\t<\/div>\n\t\t\t\t\t\t\t\t<div class=\"elementor-field-group elementor-column elementor-field-type-submit elementor-col-100 e-form__buttons\">\n\t\t\t\t\t<button class=\"elementor-button elementor-size-sm\" type=\"submit\">\n\t\t\t\t\t\t<span class=\"elementor-button-content-wrapper\">\n\t\t\t\t\t\t\t\t\t\t\t\t\t\t\t\t\t\t\t\t\t\t<span class=\"elementor-button-text\">Si\u0173sti \u017einut\u0119<\/span>\n\t\t\t\t\t\t\t\t\t\t\t\t\t<\/span>\n\t\t\t\t\t<\/button>\n\t\t\t\t<\/div>\n\t\t\t<\/div>\n\t\t<\/form>\n\t\t\t\t\t\t<\/div>\n\t\t\t\t<div class=\"elementor-element elementor-element-80381af elementor-widget elementor-widget-html\" data-id=\"80381af\" data-element_type=\"widget\" data-e-type=\"widget\" data-widget_type=\"html.default\">\n\t\t\t\t\t<script>\r\ndocument.addEventListener('submit', function(e) {\r\n    const form = e.target;\r\n\r\n    \/\/ tikrinam ar tai b\u016btent m\u016bs\u0173 kontakt\u0173 forma\r\n    if (form.id === 'forma_susisiekimui') {\r\n        const fieldsWrapper = form.querySelector('.elementor-form-fields-wrapper');\r\n        if (fieldsWrapper) {\r\n            fieldsWrapper.style.display = 'none';\r\n        }\r\n    }\r\n});\r\n<\/script>\r\n\t\t\t\t<\/div>\n\t\t\t\t<\/div>\n\t\t\t\t\t<\/div>\n\t\t\t\t<\/div>\n\t\t\t\t<\/div>\n\t\t","protected":false},"excerpt":{"rendered":"<p>Susisiekite ir prisid\u0117kite Mes \u0161vie\u010diame visuomen\u0119 apie \u0161unis asistentus ir \u017emoni\u0173 su negalia \u012ftraukt\u012f.\u010cia galite: Prisid\u0117ti finansi\u0161kai prie m\u016bs\u0173 veiklos. Tiesiogiai susisiekti su komanda. Prisid\u0117kite finansi\u0161kai J\u016bs\u0173 parama padeda mums \u0161viesti visuomen\u0119, rengti mokymus \u012fstaigoms ir dalintis patikima informacija apie \u0161unis asistentus. Kuo daugiau supratimo \u2013 tuo daugiau pri\u0117mimo, saugumo ir savaranki\u0161kumo \u017emon\u0117ms su negalia. [&hellip;]<\/p>\n","protected":false},"author":1,"featured_media":0,"parent":0,"menu_order":0,"comment_status":"closed","ping_status":"closed","template":"","meta":{"site-sidebar-layout":"no-sidebar","site-content-layout":"page-builder","ast-site-content-layout":"full-width-container","site-content-style":"unboxed","site-sidebar-style":"unboxed","ast-global-header-display":"","ast-banner-title-visibility":"","ast-main-header-display":"","ast-hfb-above-header-display":"","ast-hfb-below-header-display":"","ast-hfb-mobile-header-display":"","site-post-title":"disabled","ast-breadcrumbs-content":"","ast-featured-img":"disabled","footer-sml-layout":"","ast-disable-related-posts":"","theme-transparent-header-meta":"default","adv-header-id-meta":"","stick-header-meta":"","header-above-stick-meta":"","header-main-stick-meta":"","header-below-stick-meta":"","astra-migrate-meta-layouts":"set","ast-page-background-enabled":"default","ast-page-background-meta":{"desktop":{"background-color":"","background-image":"","background-repeat":"repeat","background-position":"center center","background-size":"auto","background-attachment":"scroll","background-type":"","background-media":"","overlay-type":"","overlay-color":"","overlay-opacity":"","overlay-gradient":""},"tablet":{"background-color":"","background-image":"","background-repeat":"repeat","background-position":"center center","background-size":"auto","background-attachment":"scroll","background-type":"","background-media":"","overlay-type":"","overlay-color":"","overlay-opacity":"","overlay-gradient":""},"mobile":{"background-color":"","background-image":"","background-repeat":"repeat","background-position":"center center","background-size":"auto","background-attachment":"scroll","background-type":"","background-media":"","overlay-type":"","overlay-color":"","overlay-opacity":"","overlay-gradient":""}},"ast-content-background-meta":{"desktop":{"background-color":"var(--ast-global-color-5)","background-image":"","background-repeat":"repeat","background-position":"center center","background-size":"auto","background-attachment":"scroll","background-type":"","background-media":"","overlay-type":"","overlay-color":"","overlay-opacity":"","overlay-gradient":""},"tablet":{"background-color":"var(--ast-global-color-5)","background-image":"","background-repeat":"repeat","background-position":"center center","background-size":"auto","background-attachment":"scroll","background-type":"","background-media":"","overlay-type":"","overlay-color":"","overlay-opacity":"","overlay-gradient":""},"mobile":{"background-color":"var(--ast-global-color-5)","background-image":"","background-repeat":"repeat","background-position":"center center","background-size":"auto","background-attachment":"scroll","background-type":"","background-media":"","overlay-type":"","overlay-color":"","overlay-opacity":"","overlay-gradient":""}},"footnotes":""},"class_list":["post-20","page","type-page","status-publish","hentry"],"_links":{"self":[{"href":"https:\/\/sunysasistentai.lt\/en\/wp-json\/wp\/v2\/pages\/20","targetHints":{"allow":["GET"]}}],"collection":[{"href":"https:\/\/sunysasistentai.lt\/en\/wp-json\/wp\/v2\/pages"}],"about":[{"href":"https:\/\/sunysasistentai.lt\/en\/wp-json\/wp\/v2\/types\/page"}],"author":[{"embeddable":true,"href":"https:\/\/sunysasistentai.lt\/en\/wp-json\/wp\/v2\/users\/1"}],"replies":[{"embeddable":true,"href":"https:\/\/sunysasistentai.lt\/en\/wp-json\/wp\/v2\/comments?post=20"}],"version-history":[{"count":92,"href":"https:\/\/sunysasistentai.lt\/en\/wp-json\/wp\/v2\/pages\/20\/revisions"}],"predecessor-version":[{"id":2431,"href":"https:\/\/sunysasistentai.lt\/en\/wp-json\/wp\/v2\/pages\/20\/revisions\/2431"}],"wp:attachment":[{"href":"https:\/\/sunysasistentai.lt\/en\/wp-json\/wp\/v2\/media?parent=20"}],"curies":[{"name":"wp","href":"https:\/\/api.w.org\/{rel}","templated":true}]}}