{"id":3,"date":"2025-08-25T17:01:10","date_gmt":"2025-08-25T17:01:10","guid":{"rendered":"https:\/\/sunysasistentai.lt\/?page_id=3"},"modified":"2026-01-04T13:17:50","modified_gmt":"2026-01-04T10:17:50","slug":"privatumo-politika","status":"publish","type":"page","link":"https:\/\/sunysasistentai.lt\/en\/privatumo-politika\/","title":{"rendered":"Privacy Policy"},"content":{"rendered":"<div data-elementor-type=\"wp-page\" data-elementor-id=\"3\" class=\"elementor elementor-3\" data-elementor-post-type=\"page\">\n\t\t\t\t<div class=\"elementor-element elementor-element-1ce84456 e-flex e-con-boxed e-con e-parent\" data-id=\"1ce84456\" data-element_type=\"container\" data-e-type=\"container\">\n\t\t\t\t\t<div class=\"e-con-inner\">\n\t\t\t\t<div class=\"elementor-element elementor-element-dcaf74f elementor-widget elementor-widget-heading\" data-id=\"dcaf74f\" data-element_type=\"widget\" data-e-type=\"widget\" data-widget_type=\"heading.default\">\n\t\t\t\t\t<h1 class=\"elementor-heading-title elementor-size-default\">Privacy Policy<\/h1>\t\t\t\t<\/div>\n\t\t\t\t<div class=\"elementor-element elementor-element-647cc7ea elementor-widget elementor-widget-text-editor\" data-id=\"647cc7ea\" data-element_type=\"widget\" data-e-type=\"widget\" data-widget_type=\"text-editor.default\">\n\t\t\t\t\t\t\t\t\t\n<p>Privatumo politikoje paai\u0161kiname, kaip tvarkome J\u016bs\u0173 asmens duomenis, kai naudojat\u0117s svetaine sunysasistentai.lt, kontakt\u0173 forma, el. parduotuve ar paramos funkcija. Tvarkydami asmens duomenis V\u0161\u012e \u201e\u0160unys asistentai\u201c vadovaujasi Asmens duomen\u0173 teisin\u0117s apsaugos \u012fstatymu ir kitais asmens duomen\u0173 tvarkym\u0105 reglamentuojan\u010diais norminiais teis\u0117s aktais elektronin\u0117s prekybos, duomen\u0173 subjektui sutikus, tiesiogin\u0117s rinkodaros ir apklaus\u0173 vykdymo tikslais.<\/p>\n\n\n\n<p>Duomen\u0173 valdytojas yra \u0160unys asistentai, V\u0161\u012e (\u012fmon\u0117s kodas 306977034), el. pa\u0161tas<a href=\"mailto:info@sunysasistentai.lt\"> info@sunysasistentai.lt.<\/a> \u0160iuo el. pa\u0161tu kreipiantis galite gauti informacij\u0105 apie duomen\u0173 tvarkym\u0105.<\/p>\n\n\n\n<p>Svetain\u0117je renkame tik tuos duomenis, kuriuos pateikiate savanori\u0161kai \u2013 kontakt\u0173 formoje nurodyt\u0105 vard\u0105, el. pa\u0161t\u0105 ir \u017einut\u0119. \u0160iuos duomenis galime saugoti iki trij\u0173 met\u0173. Naudodamiesi el. parduotuve pateikiate savo vard\u0105, pavard\u0119, el. pa\u0161t\u0105, telefono numer\u012f, ir pristatymo adres\u0105. Surinkti duomenys naudojami tik tam, kad gal\u0117tume atsakyti \u012f u\u017eklausas, apdoroti u\u017esakymus, organizuoti preki\u0173 pristatym\u0105, administruoti paramos mok\u0117jimus ir vykdyti apskait\u0105. Su u\u017esakymais ir gauta parama susij\u0119 duomenys saugomi teis\u0117s akt\u0173 nustatyt\u0105 termin\u0105 reikaling\u0105 apskaitai. Slapukai saugomi tiek, kiek nustato j\u0173 techniniai parametrai. Visi duomenys laikomi Europos S\u0105jungoje veikian\u010diuose serveriuose. Mes nerenkame ir nesaugome kit\u0173 J\u016bs\u0173 asmens duomen\u0173.<\/p>\n\n\n\n<p>Svetain\u0117je naudojami slapukai, padedantys u\u017etikrinti skland\u0173 jos veikim\u0105 ir suprasti, kaip lankytojai j\u0105 naudoja. Svetain\u0117s lankomumo duomen\u0173 analitikai naudojame \u201eGoogle Analytics 4\u201c, kuris renka anoniminius duomenis apie puslapi\u0173 per\u017ei\u016bras ir techninius \u012frengini\u0173 parametrus. \u0160\u012f steb\u0117jim\u0105 vykdome nor\u0117dami u\u017etikrinti svetain\u0117s veikimo analiz\u0119 bei tobulinim\u0105. Taip pat veikia \u201eFacebook\u201c \u012fskiepis, kurio pagalba atvaizduojamos m\u016bs\u0173 Facebook puslapio \u017einut\u0117s, ir kuris gali matyti tam tikr\u0105 technin\u0119 informacij\u0105, kai per\u017ei\u016brimi susij\u0119 elementai.<\/p>\n\n\n\n<p>Duomenys gali b\u016bti perduodami tik paslaug\u0173 teik\u0117jams, kurie u\u017etikrina J\u016bs\u0173 u\u017eklaus\u0173 ir u\u017esakym\u0173 vykdym\u0105. Tai \u2013 svetain\u0117s talpinimo paslaug\u0173 teik\u0117jas, mok\u0117jim\u0173 apdorojimo partneriai, pristatymo tarnybos bei analitiniai \u012frankiai, tokie kaip \u201eGoogle Analytics\u201c ar \u201eMeta\u201c technologijos. Visi \u0161ie gav\u0117jai duomenis naudoja tik tiek, kiek b\u016btina j\u0173 teikiamai paslaugai atlikti. Jokiems kitiems tikslams duomenys n\u0117ra naudojami, neperduodami ir neparduodami.<\/p>\n\n\n\n<p>J\u016bs turite teis\u0119 gauti informacij\u0105 apie tvarkomus asmens duomenis, pra\u0161yti juos i\u0161taisyti, i\u0161trinti, apriboti j\u0173 tvarkym\u0105 arba nesutikti su tvarkymu, kai tai neprie\u0161tarauja teis\u0117s aktams. Taip pat turite teis\u0119 kreiptis \u012f Valstybin\u0119 duomen\u0173 apsaugos inspekcij\u0105, jei manote, kad J\u016bs\u0173 duomenys tvarkomi netinkamai.<\/p>\n\n\n\n<p><\/p>\n\t\t\t\t\t\t\t\t<\/div>\n\t\t\t\t\t<\/div>\n\t\t\t\t<\/div>\n\t\t\t\t<\/div>","protected":false},"excerpt":{"rendered":"<p>Privatumo politika Privatumo politikoje paai\u0161kiname, kaip tvarkome J\u016bs\u0173 asmens duomenis, kai naudojat\u0117s svetaine sunysasistentai.lt, kontakt\u0173 forma, el. parduotuve ar paramos funkcija. Tvarkydami asmens duomenis V\u0161\u012e \u201e\u0160unys asistentai\u201c vadovaujasi Asmens duomen\u0173 teisin\u0117s apsaugos \u012fstatymu ir kitais asmens duomen\u0173 tvarkym\u0105 reglamentuojan\u010diais norminiais teis\u0117s aktais elektronin\u0117s prekybos, duomen\u0173 subjektui sutikus, tiesiogin\u0117s rinkodaros ir apklaus\u0173 vykdymo tikslais. Duomen\u0173 valdytojas [&hellip;]<\/p>\n","protected":false},"author":1,"featured_media":0,"parent":0,"menu_order":0,"comment_status":"closed","ping_status":"closed","template":"","meta":{"site-sidebar-layout":"default","site-content-layout":"","ast-site-content-layout":"default","site-content-style":"default","site-sidebar-style":"default","ast-global-header-display":"","ast-banner-title-visibility":"","ast-main-header-display":"","ast-hfb-above-header-display":"","ast-hfb-below-header-display":"","ast-hfb-mobile-header-display":"","site-post-title":"disabled","ast-breadcrumbs-content":"","ast-featured-img":"","footer-sml-layout":"","ast-disable-related-posts":"","theme-transparent-header-meta":"","adv-header-id-meta":"","stick-header-meta":"","header-above-stick-meta":"","header-main-stick-meta":"","header-below-stick-meta":"","astra-migrate-meta-layouts":"set","ast-page-background-enabled":"default","ast-page-background-meta":{"desktop":{"background-color":"","background-image":"","background-repeat":"repeat","background-position":"center center","background-size":"auto","background-attachment":"scroll","background-type":"","background-media":"","overlay-type":"","overlay-color":"","overlay-opacity":"","overlay-gradient":""},"tablet":{"background-color":"","background-image":"","background-repeat":"repeat","background-position":"center center","background-size":"auto","background-attachment":"scroll","background-type":"","background-media":"","overlay-type":"","overlay-color":"","overlay-opacity":"","overlay-gradient":""},"mobile":{"background-color":"","background-image":"","background-repeat":"repeat","background-position":"center center","background-size":"auto","background-attachment":"scroll","background-type":"","background-media":"","overlay-type":"","overlay-color":"","overlay-opacity":"","overlay-gradient":""}},"ast-content-background-meta":{"desktop":{"background-color":"var(--ast-global-color-5)","background-image":"","background-repeat":"repeat","background-position":"center center","background-size":"auto","background-attachment":"scroll","background-type":"","background-media":"","overlay-type":"","overlay-color":"","overlay-opacity":"","overlay-gradient":""},"tablet":{"background-color":"var(--ast-global-color-5)","background-image":"","background-repeat":"repeat","background-position":"center center","background-size":"auto","background-attachment":"scroll","background-type":"","background-media":"","overlay-type":"","overlay-color":"","overlay-opacity":"","overlay-gradient":""},"mobile":{"background-color":"var(--ast-global-color-5)","background-image":"","background-repeat":"repeat","background-position":"center center","background-size":"auto","background-attachment":"scroll","background-type":"","background-media":"","overlay-type":"","overlay-color":"","overlay-opacity":"","overlay-gradient":""}},"footnotes":""},"class_list":["post-3","page","type-page","status-publish","hentry"],"_links":{"self":[{"href":"https:\/\/sunysasistentai.lt\/en\/wp-json\/wp\/v2\/pages\/3","targetHints":{"allow":["GET"]}}],"collection":[{"href":"https:\/\/sunysasistentai.lt\/en\/wp-json\/wp\/v2\/pages"}],"about":[{"href":"https:\/\/sunysasistentai.lt\/en\/wp-json\/wp\/v2\/types\/page"}],"author":[{"embeddable":true,"href":"https:\/\/sunysasistentai.lt\/en\/wp-json\/wp\/v2\/users\/1"}],"replies":[{"embeddable":true,"href":"https:\/\/sunysasistentai.lt\/en\/wp-json\/wp\/v2\/comments?post=3"}],"version-history":[{"count":8,"href":"https:\/\/sunysasistentai.lt\/en\/wp-json\/wp\/v2\/pages\/3\/revisions"}],"predecessor-version":[{"id":2353,"href":"https:\/\/sunysasistentai.lt\/en\/wp-json\/wp\/v2\/pages\/3\/revisions\/2353"}],"wp:attachment":[{"href":"https:\/\/sunysasistentai.lt\/en\/wp-json\/wp\/v2\/media?parent=3"}],"curies":[{"name":"wp","href":"https:\/\/api.w.org\/{rel}","templated":true}]}}