{"id":1801,"date":"2025-11-02T19:45:16","date_gmt":"2025-11-02T16:45:16","guid":{"rendered":"https:\/\/sunysasistentai.lt\/?post_type=product&#038;p=1801"},"modified":"2026-04-20T17:26:37","modified_gmt":"2026-04-20T14:26:37","slug":"aura-ir-gio-skrenda-i-paryziu","status":"publish","type":"product","link":"https:\/\/sunysasistentai.lt\/en\/aura-ir-gio-skrenda-i-paryziu\/","title":{"rendered":"\/ Aura and Gio fly to Paris"},"content":{"rendered":"<p>Kietu vir\u0161eliu ir ry\u0161kiais animaciniais herojais iliustruota knyga yra para\u0161yta kaip istorija apie du \u0161unis \u2013 \u0161un\u012f vedl\u012f ir \u0161unyt\u0119 asistent\u0119. Knyga para\u0161yta linksmos istorijos forma, ta\u010diau \u0161iuo patraukliu formatu siekiama ir edukacini\u0173 tiksl\u0173 \u2013 per istorij\u0105 atskleid\u017eiama kokios yra \u0161un\u0173 pagalbinink\u0173 teis\u0117s, kaip elgtis, kad netrukdyti \u0161unims pagalbininkams dirbti savo darb\u0105 ir kiti dalykai. Istorija perteikia autenti\u0161k\u0105 autor\u0117s patirt\u012f.<\/p>\n<p>Kiekvienas knygos puslapis yra iliustracija. Tiek tekstui, tiek iliustracijai skiriama tokia pati svarba. Knyga klasifikuojama kaip skirta pradinukams (5 \u2013 10 met\u0173 vaikams), ta\u010diau kuriant j\u0105 orientuotasi \u012f platesn\u0119 auditorij\u0105: tai ir vaikai, ir \u0161eimos skaitan\u010dios kartu su vaikais, ir suaug\u0119 asmenys besidomintys \u0161unimis asistentais.<\/p>\n<p>Knyga leidome galvodami apie knygos prieinamum\u0105 negali\u0105 turintiems skaitytojams. Tod\u0117l tekstas para\u0161ytas prieinama kalba. Pavyzd\u017eiui, naudojome kiek \u012fmanoma trumpesnius sakinius, nesud\u0117tingus \u017eod\u017eius. Tokie pritaikymai aktual\u016bs, pvz., disleksij\u0105, d\u0117mesio sutrikimus ar protin\u0119 negali\u0105 turintiems skaitytojams.<\/p>\n<p>Knygai parinkome neblizg\u0173, pakankamai stor\u0105 ir pusiau slid\u0173 popierius, kuris leist\u0173 be atspind\u017ei\u0173 skaityti ir lengvai vartyti puslapius. Iliustracijos pie\u0161tos ry\u0161kiomis spalvomis. Tekstui naudojome padidint\u0105 ir pastorint\u0105 \u0161rift\u0105. Palikome tarpus tarp eilu\u010di\u0173 ir naudojome padidint\u0105 kontrast\u0105 su fonu. Tai gali b\u016bti tinkama silpnaregiams ir disleksij\u0105 turitiems skaitytojams.<\/p>\n<p>24 pages<\/p>\n<p>In Lithuanian<\/p>\n<p>Author and illustrator: Edita Jablonskyt\u0117<\/p>\n<p>I\u0161leido: \u0160unys asistentai @ 2025<\/p>\n<p>Spausdino: UAB BALTOprint<\/p>\n<p><i>Visos l\u0117\u0161os, gautos u\u017e parduotas knygas, skiriamos nevyriausybin\u0117s organizacijos \u201e\u0160unys asistentai\u201c advokacinei ir edukacinei veiklai, siekiant u\u017etikrinti asmen\u0173 su negalia teis\u0119 tur\u0117ti \u0161un\u012f pagalbinink\u0105 ir laisvai juo naudotis.<\/i><\/p>","protected":false},"excerpt":{"rendered":"<p>Iliustruota knyga, para\u0161yta kaip dviej\u0173 \u0161un\u0173 &#8211; \u0161uns vedlio ir \u0161unyt\u0117s asistent\u0117s \u2013 pasakojimas apie j\u0173 kelion\u0119 \u012f Pary\u017ei\u0173. \u0160ie \u0161unys padeda savo \u0161eiminink\u0117ms su negalia. O j\u0173 kelion\u0117 perteikia autenti\u0161k\u0105 autor\u0117s patirt\u012f, edukuoja, ir parodo kaip elgtis sutikus tokius ypatingus \u0161unis.<\/p>\n<p><i>Visos l\u0117\u0161os, gautos u\u017e parduotas knygas, skiriamos nevyriausybin\u0117s organizacijos \u201e\u0160unys asistentai\u201c advokacinei ir edukacinei veiklai, siekiant u\u017etikrinti asmen\u0173 su negalia teis\u0119 tur\u0117ti \u0161un\u012f pagalbinink\u0105 ir laisvai juo naudotis.<\/i><\/p>","protected":false},"featured_media":1974,"template":"","meta":{"site-sidebar-layout":"default","site-content-layout":"","ast-site-content-layout":"default","site-content-style":"default","site-sidebar-style":"default","ast-global-header-display":"","ast-banner-title-visibility":"","ast-main-header-display":"","ast-hfb-above-header-display":"","ast-hfb-below-header-display":"","ast-hfb-mobile-header-display":"","site-post-title":"","ast-breadcrumbs-content":"","ast-featured-img":"","footer-sml-layout":"","ast-disable-related-posts":"","theme-transparent-header-meta":"default","adv-header-id-meta":"","stick-header-meta":"default","header-above-stick-meta":"","header-main-stick-meta":"","header-below-stick-meta":"","astra-migrate-meta-layouts":"set","ast-page-background-enabled":"default","ast-page-background-meta":{"desktop":{"background-color":"","background-image":"","background-repeat":"repeat","background-position":"center center","background-size":"auto","background-attachment":"scroll","background-type":"","background-media":"","overlay-type":"","overlay-color":"","overlay-opacity":"","overlay-gradient":""},"tablet":{"background-color":"","background-image":"","background-repeat":"repeat","background-position":"center center","background-size":"auto","background-attachment":"scroll","background-type":"","background-media":"","overlay-type":"","overlay-color":"","overlay-opacity":"","overlay-gradient":""},"mobile":{"background-color":"","background-image":"","background-repeat":"repeat","background-position":"center center","background-size":"auto","background-attachment":"scroll","background-type":"","background-media":"","overlay-type":"","overlay-color":"","overlay-opacity":"","overlay-gradient":""}},"ast-content-background-meta":{"desktop":{"background-color":"var(--ast-global-color-5)","background-image":"","background-repeat":"repeat","background-position":"center center","background-size":"auto","background-attachment":"scroll","background-type":"","background-media":"","overlay-type":"","overlay-color":"","overlay-opacity":"","overlay-gradient":""},"tablet":{"background-color":"var(--ast-global-color-5)","background-image":"","background-repeat":"repeat","background-position":"center center","background-size":"auto","background-attachment":"scroll","background-type":"","background-media":"","overlay-type":"","overlay-color":"","overlay-opacity":"","overlay-gradient":""},"mobile":{"background-color":"var(--ast-global-color-5)","background-image":"","background-repeat":"repeat","background-position":"center center","background-size":"auto","background-attachment":"scroll","background-type":"","background-media":"","overlay-type":"","overlay-color":"","overlay-opacity":"","overlay-gradient":""}}},"product_brand":[],"product_cat":[26],"product_tag":[],"class_list":{"0":"post-1801","1":"product","2":"type-product","3":"status-publish","4":"has-post-thumbnail","6":"product_cat-knygos","7":"desktop-align-left","8":"tablet-align-left","9":"mobile-align-left","11":"first","12":"instock","13":"shipping-taxable","14":"purchasable","15":"product-type-simple"},"_links":{"self":[{"href":"https:\/\/sunysasistentai.lt\/en\/wp-json\/wp\/v2\/product\/1801","targetHints":{"allow":["GET"]}}],"collection":[{"href":"https:\/\/sunysasistentai.lt\/en\/wp-json\/wp\/v2\/product"}],"about":[{"href":"https:\/\/sunysasistentai.lt\/en\/wp-json\/wp\/v2\/types\/product"}],"wp:featuredmedia":[{"embeddable":true,"href":"https:\/\/sunysasistentai.lt\/en\/wp-json\/wp\/v2\/media\/1974"}],"wp:attachment":[{"href":"https:\/\/sunysasistentai.lt\/en\/wp-json\/wp\/v2\/media?parent=1801"}],"wp:term":[{"taxonomy":"product_brand","embeddable":true,"href":"https:\/\/sunysasistentai.lt\/en\/wp-json\/wp\/v2\/product_brand?post=1801"},{"taxonomy":"product_cat","embeddable":true,"href":"https:\/\/sunysasistentai.lt\/en\/wp-json\/wp\/v2\/product_cat?post=1801"},{"taxonomy":"product_tag","embeddable":true,"href":"https:\/\/sunysasistentai.lt\/en\/wp-json\/wp\/v2\/product_tag?post=1801"}],"curies":[{"name":"wp","href":"https:\/\/api.w.org\/{rel}","templated":true}]}}